{"id":2350,"date":"2025-12-11T11:16:03","date_gmt":"2025-12-11T11:16:03","guid":{"rendered":"https:\/\/misionhispanaanglicana.com\/oportunidades-de-ministerio\/"},"modified":"2025-12-11T17:19:32","modified_gmt":"2025-12-11T17:19:32","slug":"oportunidades-de-ministerio","status":"publish","type":"page","link":"https:\/\/misionhispanaanglicana.com\/es\/oportunidades-de-ministerio\/","title":{"rendered":"Oportunidades de ministerio"},"content":{"rendered":"\t\t<div data-elementor-type=\"wp-page\" data-elementor-id=\"2350\" class=\"elementor elementor-2350 elementor-2341\" data-elementor-post-type=\"page\">\n\t\t\t\t\t\t<section class=\"elementor-section elementor-top-section elementor-element elementor-element-0848cf7 elementor-section-boxed elementor-section-height-default elementor-section-height-default\" data-id=\"0848cf7\" data-element_type=\"section\">\n\t\t\t\t\t\t<div class=\"elementor-container elementor-column-gap-default\">\n\t\t\t\t\t<div class=\"elementor-column elementor-col-100 elementor-top-column elementor-element elementor-element-07421dc\" data-id=\"07421dc\" data-element_type=\"column\">\n\t\t\t<div class=\"elementor-widget-wrap elementor-element-populated\">\n\t\t\t\t\t\t<div class=\"elementor-element elementor-element-6a1f73c elementor-widget elementor-widget-heading\" data-id=\"6a1f73c\" data-element_type=\"widget\" data-widget_type=\"heading.default\">\n\t\t\t\t\t<h2 class=\"elementor-heading-title elementor-size-default\">Oportunidades de ministerio<\/h2>\t\t\t\t<\/div>\n\t\t\t\t\t<\/div>\n\t\t<\/div>\n\t\t\t\t\t<\/div>\n\t\t<\/section>\n\t\t\t\t<section class=\"elementor-section elementor-top-section elementor-element elementor-element-eeb8692 elementor-section-boxed elementor-section-height-default elementor-section-height-default\" data-id=\"eeb8692\" data-element_type=\"section\">\n\t\t\t\t\t\t<div class=\"elementor-container elementor-column-gap-default\">\n\t\t\t\t\t<div class=\"elementor-column elementor-col-100 elementor-top-column elementor-element elementor-element-bb58d5a\" data-id=\"bb58d5a\" data-element_type=\"column\">\n\t\t\t<div class=\"elementor-widget-wrap elementor-element-populated\">\n\t\t\t\t\t\t<section class=\"elementor-section elementor-inner-section elementor-element elementor-element-07df8e4 elementor-section-boxed elementor-section-height-default elementor-section-height-default\" data-id=\"07df8e4\" data-element_type=\"section\">\n\t\t\t\t\t\t<div class=\"elementor-container elementor-column-gap-default\">\n\t\t\t\t\t<div class=\"elementor-column elementor-col-100 elementor-inner-column elementor-element elementor-element-31d7510\" data-id=\"31d7510\" data-element_type=\"column\">\n\t\t\t<div class=\"elementor-widget-wrap elementor-element-populated\">\n\t\t\t\t\t\t<div class=\"elementor-element elementor-element-d98e5b9 elementor-widget elementor-widget-text-editor\" data-id=\"d98e5b9\" data-element_type=\"widget\" data-widget_type=\"text-editor.default\">\n\t\t\t\t\t\t\t\t\t<p>Si usted es:<\/p><ul><li><p>Un sacerdote ordenado <b>o<\/b> que discierne un llamado al ministerio ordenado dentro de la Iglesia de Inglaterra o cualquier iglesia de la Comuni\u00f3n Anglicana en comuni\u00f3n con Canterbury<\/p><\/li><li><p><b>Biling\u00fce en ingl\u00e9s y espa\u00f1ol<\/b><b><\/b><\/p><\/li><li><p>Apasionado por la <b>misi\u00f3n<\/b> y el <b>ministerio pionero<\/b><\/p><\/li><\/ul><p>\u2026y le gustar\u00eda explorar la posibilidad de servir con nosotros, <b><a href=\"https:\/\/misionhispanaanglicana.com\/es\/contactenos-2\/\">nos encantar\u00eda saber de usted<\/a><\/b>.<\/p>\t\t\t\t\t\t\t\t<\/div>\n\t\t\t\t\t<\/div>\n\t\t<\/div>\n\t\t\t\t\t<\/div>\n\t\t<\/section>\n\t\t\t\t<section class=\"elementor-section elementor-inner-section elementor-element elementor-element-c13fc2e elementor-section-full_width elementor-section-height-default elementor-section-height-default\" data-id=\"c13fc2e\" data-element_type=\"section\">\n\t\t\t\t\t\t<div class=\"elementor-container elementor-column-gap-default\">\n\t\t\t\t\t<div class=\"elementor-column elementor-col-33 elementor-inner-column elementor-element elementor-element-4f05ab9\" data-id=\"4f05ab9\" data-element_type=\"column\">\n\t\t\t<div class=\"elementor-widget-wrap elementor-element-populated\">\n\t\t\t\t\t\t<div class=\"elementor-element elementor-element-55dc03b elementor-widget elementor-widget-image\" data-id=\"55dc03b\" data-element_type=\"widget\" data-widget_type=\"image.default\">\n\t\t\t\t\t\t\t\t\t\t\t\t\t\t\t<img fetchpriority=\"high\" decoding=\"async\" width=\"1024\" height=\"683\" src=\"https:\/\/misionhispanaanglicana.com\/wp-content\/uploads\/2025\/12\/michel-grolet-osUR4i8CbRI-unsplash-1024x683.jpg\" class=\"attachment-large size-large wp-image-2353\" alt=\"\" srcset=\"https:\/\/misionhispanaanglicana.com\/wp-content\/uploads\/2025\/12\/michel-grolet-osUR4i8CbRI-unsplash-1024x683.jpg 1024w, https:\/\/misionhispanaanglicana.com\/wp-content\/uploads\/2025\/12\/michel-grolet-osUR4i8CbRI-unsplash-300x200.jpg 300w, https:\/\/misionhispanaanglicana.com\/wp-content\/uploads\/2025\/12\/michel-grolet-osUR4i8CbRI-unsplash-768x513.jpg 768w, https:\/\/misionhispanaanglicana.com\/wp-content\/uploads\/2025\/12\/michel-grolet-osUR4i8CbRI-unsplash-1536x1025.jpg 1536w, https:\/\/misionhispanaanglicana.com\/wp-content\/uploads\/2025\/12\/michel-grolet-osUR4i8CbRI-unsplash-2048x1367.jpg 2048w\" sizes=\"(max-width: 1024px) 100vw, 1024px\" \/>\t\t\t\t\t\t\t\t\t\t\t\t\t\t\t<\/div>\n\t\t\t\t\t<\/div>\n\t\t<\/div>\n\t\t\t\t<div class=\"elementor-column elementor-col-33 elementor-inner-column elementor-element elementor-element-b949d23\" data-id=\"b949d23\" data-element_type=\"column\">\n\t\t\t<div class=\"elementor-widget-wrap elementor-element-populated\">\n\t\t\t\t\t\t<div class=\"elementor-element elementor-element-72db96d elementor-widget elementor-widget-image\" data-id=\"72db96d\" data-element_type=\"widget\" data-widget_type=\"image.default\">\n\t\t\t\t\t\t\t\t\t\t\t\t\t\t\t<img decoding=\"async\" width=\"1024\" height=\"1024\" src=\"https:\/\/misionhispanaanglicana.com\/wp-content\/uploads\/2025\/12\/cecilia-milagros-leon-garcia-ARVjswulzUg-unsplash-1024x1024.jpg\" class=\"attachment-large size-large wp-image-2352\" alt=\"\" srcset=\"https:\/\/misionhispanaanglicana.com\/wp-content\/uploads\/2025\/12\/cecilia-milagros-leon-garcia-ARVjswulzUg-unsplash-1024x1024.jpg 1024w, https:\/\/misionhispanaanglicana.com\/wp-content\/uploads\/2025\/12\/cecilia-milagros-leon-garcia-ARVjswulzUg-unsplash-300x300.jpg 300w, https:\/\/misionhispanaanglicana.com\/wp-content\/uploads\/2025\/12\/cecilia-milagros-leon-garcia-ARVjswulzUg-unsplash-150x150.jpg 150w, https:\/\/misionhispanaanglicana.com\/wp-content\/uploads\/2025\/12\/cecilia-milagros-leon-garcia-ARVjswulzUg-unsplash-768x768.jpg 768w, https:\/\/misionhispanaanglicana.com\/wp-content\/uploads\/2025\/12\/cecilia-milagros-leon-garcia-ARVjswulzUg-unsplash-1536x1536.jpg 1536w, https:\/\/misionhispanaanglicana.com\/wp-content\/uploads\/2025\/12\/cecilia-milagros-leon-garcia-ARVjswulzUg-unsplash-2048x2048.jpg 2048w\" sizes=\"(max-width: 1024px) 100vw, 1024px\" \/>\t\t\t\t\t\t\t\t\t\t\t\t\t\t\t<\/div>\n\t\t\t\t\t<\/div>\n\t\t<\/div>\n\t\t\t\t<div class=\"elementor-column elementor-col-33 elementor-inner-column elementor-element elementor-element-ef2d496\" data-id=\"ef2d496\" data-element_type=\"column\">\n\t\t\t<div class=\"elementor-widget-wrap elementor-element-populated\">\n\t\t\t\t\t\t<div class=\"elementor-element elementor-element-043b9d8 elementor-widget elementor-widget-image\" data-id=\"043b9d8\" data-element_type=\"widget\" data-widget_type=\"image.default\">\n\t\t\t\t\t\t\t\t\t\t\t\t\t\t\t<img decoding=\"async\" width=\"1024\" height=\"683\" src=\"https:\/\/misionhispanaanglicana.com\/wp-content\/uploads\/2025\/12\/Copy-of-Brixton-Churches-2205-v1-1024x683.jpg\" class=\"attachment-large size-large wp-image-2351\" alt=\"\" srcset=\"https:\/\/misionhispanaanglicana.com\/wp-content\/uploads\/2025\/12\/Copy-of-Brixton-Churches-2205-v1-1024x683.jpg 1024w, https:\/\/misionhispanaanglicana.com\/wp-content\/uploads\/2025\/12\/Copy-of-Brixton-Churches-2205-v1-300x200.jpg 300w, https:\/\/misionhispanaanglicana.com\/wp-content\/uploads\/2025\/12\/Copy-of-Brixton-Churches-2205-v1-768x512.jpg 768w, https:\/\/misionhispanaanglicana.com\/wp-content\/uploads\/2025\/12\/Copy-of-Brixton-Churches-2205-v1-1536x1024.jpg 1536w, https:\/\/misionhispanaanglicana.com\/wp-content\/uploads\/2025\/12\/Copy-of-Brixton-Churches-2205-v1-2048x1365.jpg 2048w\" sizes=\"(max-width: 1024px) 100vw, 1024px\" \/>\t\t\t\t\t\t\t\t\t\t\t\t\t\t\t<\/div>\n\t\t\t\t\t<\/div>\n\t\t<\/div>\n\t\t\t\t\t<\/div>\n\t\t<\/section>\n\t\t\t\t\t<\/div>\n\t\t<\/div>\n\t\t\t\t\t<\/div>\n\t\t<\/section>\n\t\t\t\t<section class=\"elementor-section elementor-top-section elementor-element elementor-element-9dfdfbc elementor-section-boxed elementor-section-height-default elementor-section-height-default\" data-id=\"9dfdfbc\" data-element_type=\"section\">\n\t\t\t\t\t\t<div class=\"elementor-container elementor-column-gap-default\">\n\t\t\t\t\t<div class=\"elementor-column elementor-col-100 elementor-top-column elementor-element elementor-element-2d68da2\" data-id=\"2d68da2\" data-element_type=\"column\">\n\t\t\t<div class=\"elementor-widget-wrap elementor-element-populated\">\n\t\t\t\t\t\t<div class=\"elementor-element elementor-element-64a8096 elementor-widget elementor-widget-template\" data-id=\"64a8096\" data-element_type=\"widget\" data-widget_type=\"template.default\">\n\t\t\t\t<div class=\"elementor-widget-container\">\n\t\t\t\t\t\t\t<div class=\"elementor-template\">\n\t\t\t\t\t<div data-elementor-type=\"section\" data-elementor-id=\"1930\" class=\"elementor elementor-1930 elementor-1917\" data-elementor-post-type=\"elementor_library\">\n\t\t\t\t\t<section class=\"elementor-section elementor-top-section elementor-element elementor-element-315a01d5 elementor-section-boxed elementor-section-height-default elementor-section-height-default\" data-id=\"315a01d5\" data-element_type=\"section\">\n\t\t\t\t\t\t<div class=\"elementor-container elementor-column-gap-default\">\n\t\t\t\t\t<div class=\"elementor-column elementor-col-100 elementor-top-column elementor-element elementor-element-5b50bf29\" data-id=\"5b50bf29\" data-element_type=\"column\">\n\t\t\t<div class=\"elementor-widget-wrap elementor-element-populated\">\n\t\t\t\t\t\t<section class=\"elementor-section elementor-inner-section elementor-element elementor-element-43d2cb11 elementor-section-full_width elementor-section-height-min-height elementor-section-height-default\" data-id=\"43d2cb11\" data-element_type=\"section\">\n\t\t\t\t\t\t<div class=\"elementor-container elementor-column-gap-default\">\n\t\t\t\t\t<div class=\"elementor-column elementor-col-33 elementor-inner-column elementor-element elementor-element-6cc7e134\" data-id=\"6cc7e134\" data-element_type=\"column\" data-settings=\"{&quot;background_background&quot;:&quot;classic&quot;}\">\n\t\t\t<div class=\"elementor-widget-wrap elementor-element-populated\">\n\t\t\t\t\t<div class=\"elementor-background-overlay\"><\/div>\n\t\t\t\t\t\t<section class=\"elementor-section elementor-inner-section elementor-element elementor-element-1b86e7e0 elementor-section-full_width elementor-section-height-min-height elementor-section-height-default\" data-id=\"1b86e7e0\" data-element_type=\"section\" data-settings=\"{&quot;background_background&quot;:&quot;classic&quot;,&quot;shape_divider_bottom&quot;:&quot;curve-asymmetrical&quot;}\">\n\t\t\t\t\t<div class=\"elementor-shape elementor-shape-bottom\" aria-hidden=\"true\" data-negative=\"false\">\n\t\t\t<svg xmlns=\"http:\/\/www.w3.org\/2000\/svg\" viewBox=\"0 0 1000 100\" preserveAspectRatio=\"none\">\n\t<path class=\"elementor-shape-fill\" d=\"M0,0c0,0,0,6,0,6.7c0,18,240.2,93.6,615.2,92.6C989.8,98.5,1000,25,1000,6.7c0-0.7,0-6.7,0-6.7H0z\"\/>\n<\/svg>\t\t<\/div>\n\t\t\t\t\t<div class=\"elementor-container elementor-column-gap-default\">\n\t\t\t\t\t<div class=\"elementor-column elementor-col-100 elementor-inner-column elementor-element elementor-element-4c02c0a8\" data-id=\"4c02c0a8\" data-element_type=\"column\">\n\t\t\t<div class=\"elementor-widget-wrap elementor-element-populated\">\n\t\t\t\t\t\t<div class=\"elementor-element elementor-element-450ad3d6 elementor-widget__width-initial elementor-widget-mobile__width-initial elementor-widget elementor-widget-heading\" data-id=\"450ad3d6\" data-element_type=\"widget\" data-widget_type=\"heading.default\">\n\t\t\t\t\t<h2 class=\"elementor-heading-title elementor-size-default\">\u00bfTiene preguntas?<\/h2>\t\t\t\t<\/div>\n\t\t\t\t<div class=\"elementor-element elementor-element-2dcda72b elementor-widget__width-initial elementor-widget-mobile__width-initial elementor-widget elementor-widget-heading\" data-id=\"2dcda72b\" data-element_type=\"widget\" data-widget_type=\"heading.default\">\n\t\t\t\t\t<h2 class=\"elementor-heading-title elementor-size-default\">Nos encantar\u00eda conversar<\/h2>\t\t\t\t<\/div>\n\t\t\t\t<div class=\"elementor-element elementor-element-41295cd3 elementor-widget__width-auto my-btnble elementor-widget-tablet__width-initial elementor-widget-mobile__width-initial elementor-widget elementor-widget-button\" data-id=\"41295cd3\" data-element_type=\"widget\" data-widget_type=\"button.default\">\n\t\t\t\t\t\t\t\t\t\t<a class=\"elementor-button elementor-button-link elementor-size-sm\" href=\"https:\/\/misionhispanaanglicana.com\/es\/contactenos-2\/\">\n\t\t\t\t\t\t<span class=\"elementor-button-content-wrapper\">\n\t\t\t\t\t\t<span class=\"elementor-button-icon\">\n\t\t\t\t<svg xmlns=\"http:\/\/www.w3.org\/2000\/svg\" width=\"256px\" height=\"256px\" viewBox=\"0 0 24 24\" fill=\"none\"><g id=\"SVGRepo_bgCarrier\" stroke-width=\"0\"><\/g><g id=\"SVGRepo_tracerCarrier\" stroke-linecap=\"round\" stroke-linejoin=\"round\"><\/g><g id=\"SVGRepo_iconCarrier\"><path d=\"M13 15L16 12M16 12L13 9M16 12H8M7.2 20H16.8C17.9201 20 18.4802 20 18.908 19.782C19.2843 19.5903 19.5903 19.2843 19.782 18.908C20 18.4802 20 17.9201 20 16.8V7.2C20 6.0799 20 5.51984 19.782 5.09202C19.5903 4.71569 19.2843 4.40973 18.908 4.21799C18.4802 4 17.9201 4 16.8 4H7.2C6.0799 4 5.51984 4 5.09202 4.21799C4.71569 4.40973 4.40973 4.71569 4.21799 5.09202C4 5.51984 4 6.07989 4 7.2V16.8C4 17.9201 4 18.4802 4.21799 18.908C4.40973 19.2843 4.71569 19.5903 5.09202 19.782C5.51984 20 6.07989 20 7.2 20Z\" stroke=\"#000000\" stroke-width=\"0.8879999999999999\" stroke-linecap=\"round\" stroke-linejoin=\"round\"><\/path><\/g><\/svg>\t\t\t<\/span>\n\t\t\t\t\t\t\t\t\t<span class=\"elementor-button-text\">RESERVAR UNA LLAMADA<\/span>\n\t\t\t\t\t<\/span>\n\t\t\t\t\t<\/a>\n\t\t\t\t\t\t\t\t<\/div>\n\t\t\t\t\t<\/div>\n\t\t<\/div>\n\t\t\t\t\t<\/div>\n\t\t<\/section>\n\t\t\t\t\t<\/div>\n\t\t<\/div>\n\t\t\t\t<div class=\"elementor-column elementor-col-33 elementor-inner-column elementor-element elementor-element-156dae4f\" data-id=\"156dae4f\" data-element_type=\"column\" data-settings=\"{&quot;background_background&quot;:&quot;classic&quot;}\">\n\t\t\t<div class=\"elementor-widget-wrap elementor-element-populated\">\n\t\t\t\t\t<div class=\"elementor-background-overlay\"><\/div>\n\t\t\t\t\t\t<section class=\"elementor-section elementor-inner-section elementor-element elementor-element-596fea40 elementor-section-full_width elementor-section-height-min-height elementor-section-height-default\" data-id=\"596fea40\" data-element_type=\"section\" data-settings=\"{&quot;background_background&quot;:&quot;classic&quot;,&quot;shape_divider_bottom&quot;:&quot;curve-asymmetrical&quot;}\">\n\t\t\t\t\t<div class=\"elementor-shape elementor-shape-bottom\" aria-hidden=\"true\" data-negative=\"false\">\n\t\t\t<svg xmlns=\"http:\/\/www.w3.org\/2000\/svg\" viewBox=\"0 0 1000 100\" preserveAspectRatio=\"none\">\n\t<path class=\"elementor-shape-fill\" d=\"M0,0c0,0,0,6,0,6.7c0,18,240.2,93.6,615.2,92.6C989.8,98.5,1000,25,1000,6.7c0-0.7,0-6.7,0-6.7H0z\"\/>\n<\/svg>\t\t<\/div>\n\t\t\t\t\t<div class=\"elementor-container elementor-column-gap-default\">\n\t\t\t\t\t<div class=\"elementor-column elementor-col-100 elementor-inner-column elementor-element elementor-element-707a5df9\" data-id=\"707a5df9\" data-element_type=\"column\">\n\t\t\t<div class=\"elementor-widget-wrap elementor-element-populated\">\n\t\t\t\t\t\t<div class=\"elementor-element elementor-element-3ee4ca17 elementor-widget__width-initial elementor-widget elementor-widget-heading\" data-id=\"3ee4ca17\" data-element_type=\"widget\" data-widget_type=\"heading.default\">\n\t\t\t\t\t<h2 class=\"elementor-heading-title elementor-size-default\">Ministerio de j\u00f3venes latinos<\/h2>\t\t\t\t<\/div>\n\t\t\t\t<div class=\"elementor-element elementor-element-502cf51e elementor-widget__width-initial elementor-widget elementor-widget-heading\" data-id=\"502cf51e\" data-element_type=\"widget\" data-widget_type=\"heading.default\">\n\t\t\t\t\t<h2 class=\"elementor-heading-title elementor-size-default\">Empoderando a la pr\u00f3xima generaci\u00f3n<\/h2>\t\t\t\t<\/div>\n\t\t\t\t<div class=\"elementor-element elementor-element-9ecf266 elementor-widget__width-auto my-btn elementor-widget-tablet__width-initial elementor-widget elementor-widget-button\" data-id=\"9ecf266\" data-element_type=\"widget\" data-widget_type=\"button.default\">\n\t\t\t\t\t\t\t\t\t\t<a class=\"elementor-button elementor-button-link elementor-size-sm\" href=\"https:\/\/misionhispanaanglicana.com\/es\/ministerio-juvenil\/\">\n\t\t\t\t\t\t<span class=\"elementor-button-content-wrapper\">\n\t\t\t\t\t\t<span class=\"elementor-button-icon\">\n\t\t\t\t<svg xmlns=\"http:\/\/www.w3.org\/2000\/svg\" width=\"256px\" height=\"256px\" viewBox=\"0 0 24 24\" fill=\"none\"><g id=\"SVGRepo_bgCarrier\" stroke-width=\"0\"><\/g><g id=\"SVGRepo_tracerCarrier\" stroke-linecap=\"round\" stroke-linejoin=\"round\"><\/g><g id=\"SVGRepo_iconCarrier\"><path d=\"M13 15L16 12M16 12L13 9M16 12H8M7.2 20H16.8C17.9201 20 18.4802 20 18.908 19.782C19.2843 19.5903 19.5903 19.2843 19.782 18.908C20 18.4802 20 17.9201 20 16.8V7.2C20 6.0799 20 5.51984 19.782 5.09202C19.5903 4.71569 19.2843 4.40973 18.908 4.21799C18.4802 4 17.9201 4 16.8 4H7.2C6.0799 4 5.51984 4 5.09202 4.21799C4.71569 4.40973 4.40973 4.71569 4.21799 5.09202C4 5.51984 4 6.07989 4 7.2V16.8C4 17.9201 4 18.4802 4.21799 18.908C4.40973 19.2843 4.71569 19.5903 5.09202 19.782C5.51984 20 6.07989 20 7.2 20Z\" stroke=\"#000000\" stroke-width=\"0.8879999999999999\" stroke-linecap=\"round\" stroke-linejoin=\"round\"><\/path><\/g><\/svg>\t\t\t<\/span>\n\t\t\t\t\t\t\t\t\t<span class=\"elementor-button-text\">M\u00c1S INFORMACI\u00d3N<\/span>\n\t\t\t\t\t<\/span>\n\t\t\t\t\t<\/a>\n\t\t\t\t\t\t\t\t<\/div>\n\t\t\t\t\t<\/div>\n\t\t<\/div>\n\t\t\t\t\t<\/div>\n\t\t<\/section>\n\t\t\t\t\t<\/div>\n\t\t<\/div>\n\t\t\t\t<div class=\"elementor-column elementor-col-33 elementor-inner-column elementor-element elementor-element-11cd6c28\" data-id=\"11cd6c28\" data-element_type=\"column\" data-settings=\"{&quot;background_background&quot;:&quot;classic&quot;}\">\n\t\t\t<div class=\"elementor-widget-wrap elementor-element-populated\">\n\t\t\t\t\t<div class=\"elementor-background-overlay\"><\/div>\n\t\t\t\t\t\t<section class=\"elementor-section elementor-inner-section elementor-element elementor-element-122f3d77 elementor-section-full_width elementor-section-height-min-height elementor-section-height-default\" data-id=\"122f3d77\" data-element_type=\"section\" data-settings=\"{&quot;background_background&quot;:&quot;classic&quot;,&quot;shape_divider_bottom&quot;:&quot;curve-asymmetrical&quot;}\">\n\t\t\t\t\t<div class=\"elementor-shape elementor-shape-bottom\" aria-hidden=\"true\" data-negative=\"false\">\n\t\t\t<svg xmlns=\"http:\/\/www.w3.org\/2000\/svg\" viewBox=\"0 0 1000 100\" preserveAspectRatio=\"none\">\n\t<path class=\"elementor-shape-fill\" d=\"M0,0c0,0,0,6,0,6.7c0,18,240.2,93.6,615.2,92.6C989.8,98.5,1000,25,1000,6.7c0-0.7,0-6.7,0-6.7H0z\"\/>\n<\/svg>\t\t<\/div>\n\t\t\t\t\t<div class=\"elementor-container elementor-column-gap-default\">\n\t\t\t\t\t<div class=\"elementor-column elementor-col-100 elementor-inner-column elementor-element elementor-element-312bb0e1\" data-id=\"312bb0e1\" data-element_type=\"column\">\n\t\t\t<div class=\"elementor-widget-wrap elementor-element-populated\">\n\t\t\t\t\t\t<div class=\"elementor-element elementor-element-585414f elementor-widget__width-initial elementor-widget elementor-widget-heading\" data-id=\"585414f\" data-element_type=\"widget\" data-widget_type=\"heading.default\">\n\t\t\t\t\t<h2 class=\"elementor-heading-title elementor-size-default\">Recursos<\/h2>\t\t\t\t<\/div>\n\t\t\t\t<div class=\"elementor-element elementor-element-2ed127e5 elementor-widget__width-initial elementor-widget elementor-widget-heading\" data-id=\"2ed127e5\" data-element_type=\"widget\" data-widget_type=\"heading.default\">\n\t\t\t\t\t<h2 class=\"elementor-heading-title elementor-size-default\">Encuentre un curso para usted<\/h2>\t\t\t\t<\/div>\n\t\t\t\t<div class=\"elementor-element elementor-element-56d411de elementor-widget__width-auto my-btn elementor-widget-tablet__width-initial elementor-widget elementor-widget-button\" data-id=\"56d411de\" data-element_type=\"widget\" data-widget_type=\"button.default\">\n\t\t\t\t\t\t\t\t\t\t<a class=\"elementor-button elementor-button-link elementor-size-sm\" href=\"https:\/\/misionhispanaanglicana.com\/es\/recursos-copia\/\">\n\t\t\t\t\t\t<span class=\"elementor-button-content-wrapper\">\n\t\t\t\t\t\t<span class=\"elementor-button-icon\">\n\t\t\t\t<svg xmlns=\"http:\/\/www.w3.org\/2000\/svg\" width=\"256px\" height=\"256px\" viewBox=\"0 0 24 24\" fill=\"none\"><g id=\"SVGRepo_bgCarrier\" stroke-width=\"0\"><\/g><g id=\"SVGRepo_tracerCarrier\" stroke-linecap=\"round\" stroke-linejoin=\"round\"><\/g><g id=\"SVGRepo_iconCarrier\"><path d=\"M13 15L16 12M16 12L13 9M16 12H8M7.2 20H16.8C17.9201 20 18.4802 20 18.908 19.782C19.2843 19.5903 19.5903 19.2843 19.782 18.908C20 18.4802 20 17.9201 20 16.8V7.2C20 6.0799 20 5.51984 19.782 5.09202C19.5903 4.71569 19.2843 4.40973 18.908 4.21799C18.4802 4 17.9201 4 16.8 4H7.2C6.0799 4 5.51984 4 5.09202 4.21799C4.71569 4.40973 4.40973 4.71569 4.21799 5.09202C4 5.51984 4 6.07989 4 7.2V16.8C4 17.9201 4 18.4802 4.21799 18.908C4.40973 19.2843 4.71569 19.5903 5.09202 19.782C5.51984 20 6.07989 20 7.2 20Z\" stroke=\"#000000\" stroke-width=\"0.8879999999999999\" stroke-linecap=\"round\" stroke-linejoin=\"round\"><\/path><\/g><\/svg>\t\t\t<\/span>\n\t\t\t\t\t\t\t\t\t<span class=\"elementor-button-text\">M\u00c1S INFORMACI\u00d3N<\/span>\n\t\t\t\t\t<\/span>\n\t\t\t\t\t<\/a>\n\t\t\t\t\t\t\t\t<\/div>\n\t\t\t\t\t<\/div>\n\t\t<\/div>\n\t\t\t\t\t<\/div>\n\t\t<\/section>\n\t\t\t\t\t<\/div>\n\t\t<\/div>\n\t\t\t\t\t<\/div>\n\t\t<\/section>\n\t\t\t\t\t<\/div>\n\t\t<\/div>\n\t\t\t\t\t<\/div>\n\t\t<\/section>\n\t\t\t\t<\/div>\n\t\t\t\t<\/div>\n\t\t\t\t\t\t<\/div>\n\t\t\t\t<\/div>\n\t\t\t\t\t<\/div>\n\t\t<\/div>\n\t\t\t\t\t<\/div>\n\t\t<\/section>\n\t\t\t\t<\/div>\n\t\t","protected":false},"excerpt":{"rendered":"<p>Oportunidades de ministerio Si usted es: Un sacerdote ordenado o que discierne un llamado al ministerio ordenado dentro de la Iglesia de Inglaterra o cualquier iglesia de la Comuni\u00f3n Anglicana [&hellip;]<\/p>\n","protected":false},"author":1,"featured_media":0,"parent":0,"menu_order":0,"comment_status":"closed","ping_status":"closed","template":"","meta":{"_acf_changed":false,"site-sidebar-layout":"no-sidebar","site-content-layout":"","ast-site-content-layout":"full-width-container","site-content-style":"default","site-sidebar-style":"default","ast-global-header-display":"","ast-banner-title-visibility":"","ast-main-header-display":"","ast-hfb-above-header-display":"","ast-hfb-below-header-display":"","ast-hfb-mobile-header-display":"","site-post-title":"disabled","ast-breadcrumbs-content":"","ast-featured-img":"disabled","footer-sml-layout":"","theme-transparent-header-meta":"","adv-header-id-meta":"","stick-header-meta":"","header-above-stick-meta":"","header-main-stick-meta":"","header-below-stick-meta":"","astra-migrate-meta-layouts":"default","ast-page-background-enabled":"default","ast-page-background-meta":{"desktop":{"background-color":"var(--ast-global-color-5)","background-image":"","background-repeat":"repetir","background-position":"centro centro","background-size":"auto","background-attachment":"scroll","background-type":"","background-media":"","overlay-type":"","overlay-color":"","overlay-opacity":"","overlay-gradient":""},"tablet":{"background-color":"","background-image":"","background-repeat":"repetir","background-position":"centro centro","background-size":"auto","background-attachment":"scroll","background-type":"","background-media":"","overlay-type":"","overlay-color":"","overlay-opacity":"","overlay-gradient":""},"mobile":{"background-color":"","background-image":"","background-repeat":"repetir","background-position":"centro centro","background-size":"auto","background-attachment":"scroll","background-type":"","background-media":"","overlay-type":"","overlay-color":"","overlay-opacity":"","overlay-gradient":""}},"ast-content-background-meta":{"desktop":{"background-color":"var(--ast-global-color-4)","background-image":"","background-repeat":"repeat","background-position":"center center","background-size":"auto","background-attachment":"scroll","background-type":"","background-media":"","overlay-type":"","overlay-color":"","overlay-opacity":"","overlay-gradient":""},"tablet":{"background-color":"var(--ast-global-color-4)","background-image":"","background-repeat":"repeat","background-position":"center center","background-size":"auto","background-attachment":"scroll","background-type":"","background-media":"","overlay-type":"","overlay-color":"","overlay-opacity":"","overlay-gradient":""},"mobile":{"background-color":"var(--ast-global-color-4)","background-image":"","background-repeat":"repeat","background-position":"center center","background-size":"auto","background-attachment":"scroll","background-type":"","background-media":"","overlay-type":"","overlay-color":"","overlay-opacity":"","overlay-gradient":""}},"footnotes":""},"class_list":["post-2350","page","type-page","status-publish","hentry"],"acf":[],"_links":{"self":[{"href":"https:\/\/misionhispanaanglicana.com\/es\/wp-json\/wp\/v2\/pages\/2350","targetHints":{"allow":["GET"]}}],"collection":[{"href":"https:\/\/misionhispanaanglicana.com\/es\/wp-json\/wp\/v2\/pages"}],"about":[{"href":"https:\/\/misionhispanaanglicana.com\/es\/wp-json\/wp\/v2\/types\/page"}],"author":[{"embeddable":true,"href":"https:\/\/misionhispanaanglicana.com\/es\/wp-json\/wp\/v2\/users\/1"}],"replies":[{"embeddable":true,"href":"https:\/\/misionhispanaanglicana.com\/es\/wp-json\/wp\/v2\/comments?post=2350"}],"version-history":[{"count":3,"href":"https:\/\/misionhispanaanglicana.com\/es\/wp-json\/wp\/v2\/pages\/2350\/revisions"}],"predecessor-version":[{"id":2378,"href":"https:\/\/misionhispanaanglicana.com\/es\/wp-json\/wp\/v2\/pages\/2350\/revisions\/2378"}],"wp:attachment":[{"href":"https:\/\/misionhispanaanglicana.com\/es\/wp-json\/wp\/v2\/media?parent=2350"}],"curies":[{"name":"wp","href":"https:\/\/api.w.org\/{rel}","templated":true}]}}