{"id":2399,"date":"2025-12-17T13:30:09","date_gmt":"2025-12-17T13:30:09","guid":{"rendered":"https:\/\/misionhispanaanglicana.com\/curso-de-lideres\/"},"modified":"2025-12-17T13:48:30","modified_gmt":"2025-12-17T13:48:30","slug":"curso-de-lideres","status":"publish","type":"page","link":"https:\/\/misionhispanaanglicana.com\/es\/curso-de-lideres\/","title":{"rendered":"Escuela de Liderazgo"},"content":{"rendered":"\t\t<div data-elementor-type=\"wp-page\" data-elementor-id=\"2399\" class=\"elementor elementor-2399 elementor-2390\" data-elementor-post-type=\"page\">\n\t\t\t\t\t\t<section class=\"elementor-section elementor-top-section elementor-element elementor-element-0848cf7 elementor-section-boxed elementor-section-height-default elementor-section-height-default\" data-id=\"0848cf7\" data-element_type=\"section\">\n\t\t\t\t\t\t<div class=\"elementor-container elementor-column-gap-default\">\n\t\t\t\t\t<div class=\"elementor-column elementor-col-100 elementor-top-column elementor-element elementor-element-07421dc\" data-id=\"07421dc\" data-element_type=\"column\">\n\t\t\t<div class=\"elementor-widget-wrap elementor-element-populated\">\n\t\t\t\t\t\t<div class=\"elementor-element elementor-element-6a1f73c elementor-widget elementor-widget-heading\" data-id=\"6a1f73c\" data-element_type=\"widget\" data-widget_type=\"heading.default\">\n\t\t\t\t\t<h2 class=\"elementor-heading-title elementor-size-default\">Curso destacado<\/h2>\t\t\t\t<\/div>\n\t\t\t\t<div class=\"elementor-element elementor-element-360f7fd elementor-widget elementor-widget-heading\" data-id=\"360f7fd\" data-element_type=\"widget\" data-widget_type=\"heading.default\">\n\t\t\t\t\t<h2 class=\"elementor-heading-title elementor-size-default\">Escuela de Liderazgo<\/h2>\t\t\t\t<\/div>\n\t\t\t\t\t<\/div>\n\t\t<\/div>\n\t\t\t\t\t<\/div>\n\t\t<\/section>\n\t\t\t\t<section class=\"elementor-section elementor-top-section elementor-element elementor-element-eeb8692 elementor-section-boxed elementor-section-height-default elementor-section-height-default\" data-id=\"eeb8692\" data-element_type=\"section\">\n\t\t\t\t\t\t<div class=\"elementor-container elementor-column-gap-default\">\n\t\t\t\t\t<div class=\"elementor-column elementor-col-100 elementor-top-column elementor-element elementor-element-bb58d5a\" data-id=\"bb58d5a\" data-element_type=\"column\">\n\t\t\t<div class=\"elementor-widget-wrap elementor-element-populated\">\n\t\t\t\t\t\t<section class=\"elementor-section elementor-inner-section elementor-element elementor-element-07df8e4 elementor-section-full_width elementor-section-height-default elementor-section-height-default\" data-id=\"07df8e4\" data-element_type=\"section\">\n\t\t\t\t\t\t<div class=\"elementor-container elementor-column-gap-default\">\n\t\t\t\t\t<div class=\"elementor-column elementor-col-100 elementor-inner-column elementor-element elementor-element-29835d6\" data-id=\"29835d6\" data-element_type=\"column\">\n\t\t\t<div class=\"elementor-widget-wrap elementor-element-populated\">\n\t\t\t\t\t\t<div class=\"elementor-element elementor-element-618f14c elementor-widget elementor-widget-image\" data-id=\"618f14c\" data-element_type=\"widget\" data-widget_type=\"image.default\">\n\t\t\t\t\t\t\t\t\t\t\t\t\t\t\t<img fetchpriority=\"high\" decoding=\"async\" width=\"1024\" height=\"576\" src=\"https:\/\/misionhispanaanglicana.com\/wp-content\/uploads\/2025\/12\/Copy-of-Mission-Hispana-Anglicana-Thumbnails-Template-Courses-1024x576.jpg\" class=\"attachment-large size-large wp-image-2400\" alt=\"\" srcset=\"https:\/\/misionhispanaanglicana.com\/wp-content\/uploads\/2025\/12\/Copy-of-Mission-Hispana-Anglicana-Thumbnails-Template-Courses-1024x576.jpg 1024w, https:\/\/misionhispanaanglicana.com\/wp-content\/uploads\/2025\/12\/Copy-of-Mission-Hispana-Anglicana-Thumbnails-Template-Courses-300x169.jpg 300w, https:\/\/misionhispanaanglicana.com\/wp-content\/uploads\/2025\/12\/Copy-of-Mission-Hispana-Anglicana-Thumbnails-Template-Courses-768x432.jpg 768w, https:\/\/misionhispanaanglicana.com\/wp-content\/uploads\/2025\/12\/Copy-of-Mission-Hispana-Anglicana-Thumbnails-Template-Courses-1536x864.jpg 1536w, https:\/\/misionhispanaanglicana.com\/wp-content\/uploads\/2025\/12\/Copy-of-Mission-Hispana-Anglicana-Thumbnails-Template-Courses.jpg 1920w\" sizes=\"(max-width: 1024px) 100vw, 1024px\" \/>\t\t\t\t\t\t\t\t\t\t\t\t\t\t\t<\/div>\n\t\t\t\t\t<\/div>\n\t\t<\/div>\n\t\t\t\t\t<\/div>\n\t\t<\/section>\n\t\t\t\t<section class=\"elementor-section elementor-inner-section elementor-element elementor-element-cd9f679 elementor-section-full_width elementor-section-height-default elementor-section-height-default\" data-id=\"cd9f679\" data-element_type=\"section\">\n\t\t\t\t\t\t<div class=\"elementor-container elementor-column-gap-default\">\n\t\t\t\t\t<div class=\"elementor-column elementor-col-100 elementor-inner-column elementor-element elementor-element-2754557\" data-id=\"2754557\" data-element_type=\"column\">\n\t\t\t<div class=\"elementor-widget-wrap elementor-element-populated\">\n\t\t\t\t\t\t<div class=\"elementor-element elementor-element-f7efb7a elementor-widget elementor-widget-text-editor\" data-id=\"f7efb7a\" data-element_type=\"widget\" data-widget_type=\"text-editor.default\">\n\t\t\t\t\t\t\t\t\t<p><b>Este curso est\u00e1 dise\u00f1ado para formarte, impulsarte y lanzarte como l\u00edder y evangelizador.<\/b><\/p>\n<p>Tanto si ya lideras y quieres dar un paso m\u00e1s, como si sientes que Dios te est\u00e1 llamando a algo nuevo, aqu\u00ed encontrar\u00e1s las herramientas, la visi\u00f3n y el acompa\u00f1amiento que necesitas para crecer en tu fe y en tu capacidad de anunciar el Evangelio hoy.<\/p>\n<p>El programa incluye 10 m\u00f3dulos, con 4 sesiones por m\u00f3dulo, en un formato din\u00e1mico, claro y pr\u00e1ctico. Tendr\u00e1s acceso a: <\/p>\n<ul>\n<li>V\u00eddeos de formaci\u00f3n de alta calidad<\/li>\n<li>Materiales pr\u00e1cticos y descargables<\/li>\n<li>PDFs claros y res\u00famenes accionables<\/li>\n<li>Sesiones online en directo con los profesores<\/li>\n<li>Consultor\u00edas personalizadas para tu proceso<\/li>\n<\/ul>\n<p>Adem\u00e1s, vivir\u00e1s una sesi\u00f3n online conjunta con todos los alumnos y un encuentro residencial de dos d\u00edas al finalizar el curso, pensado para consolidar lo aprendido, crear comunidad y proyectar el futuro.<\/p>\n<p>Toda la experiencia misionera, pastoral y de liderazgo de nuestro equipo, acumulada durante a\u00f1os de trabajo real sobre el terreno, est\u00e1 concentrada en este curso.<\/p>\n<p>\ud83d\udc49 No es solo formaci\u00f3n. Es una experiencia que transforma. <\/p>\n<p>Y s\u00ed, merece la pena.<\/p><p><b>Coste: 100 \u00a3<\/b><\/p>\t\t\t\t\t\t\t\t<\/div>\n\t\t\t\t<div class=\"elementor-element elementor-element-650f46c elementor-align-center elementor-widget elementor-widget-button\" data-id=\"650f46c\" data-element_type=\"widget\" data-widget_type=\"button.default\">\n\t\t\t\t\t\t\t\t\t\t<a class=\"elementor-button elementor-button-link elementor-size-sm\" href=\"https:\/\/san-mateo-training-platform.thinkific.com\/products\/courses\/Escuela_de_Liderazgo\">\n\t\t\t\t\t\t<span class=\"elementor-button-content-wrapper\">\n\t\t\t\t\t\t\t\t\t<span class=\"elementor-button-text\">Inscr\u00edbase aqu\u00ed<\/span>\n\t\t\t\t\t<\/span>\n\t\t\t\t\t<\/a>\n\t\t\t\t\t\t\t\t<\/div>\n\t\t\t\t\t<\/div>\n\t\t<\/div>\n\t\t\t\t\t<\/div>\n\t\t<\/section>\n\t\t\t\t\t<\/div>\n\t\t<\/div>\n\t\t\t\t\t<\/div>\n\t\t<\/section>\n\t\t\t\t<section class=\"elementor-section elementor-top-section elementor-element elementor-element-9dfdfbc elementor-section-boxed elementor-section-height-default elementor-section-height-default\" data-id=\"9dfdfbc\" data-element_type=\"section\">\n\t\t\t\t\t\t<div class=\"elementor-container elementor-column-gap-default\">\n\t\t\t\t\t<div class=\"elementor-column elementor-col-100 elementor-top-column elementor-element elementor-element-2d68da2\" data-id=\"2d68da2\" data-element_type=\"column\">\n\t\t\t<div class=\"elementor-widget-wrap elementor-element-populated\">\n\t\t\t\t\t\t<div class=\"elementor-element elementor-element-64a8096 elementor-widget elementor-widget-template\" data-id=\"64a8096\" data-element_type=\"widget\" data-widget_type=\"template.default\">\n\t\t\t\t<div class=\"elementor-widget-container\">\n\t\t\t\t\t\t\t<div class=\"elementor-template\">\n\t\t\t\t\t<div data-elementor-type=\"section\" data-elementor-id=\"1930\" class=\"elementor elementor-1930 elementor-1917\" data-elementor-post-type=\"elementor_library\">\n\t\t\t\t\t<section class=\"elementor-section elementor-top-section elementor-element elementor-element-315a01d5 elementor-section-boxed elementor-section-height-default elementor-section-height-default\" data-id=\"315a01d5\" data-element_type=\"section\">\n\t\t\t\t\t\t<div class=\"elementor-container elementor-column-gap-default\">\n\t\t\t\t\t<div class=\"elementor-column elementor-col-100 elementor-top-column elementor-element elementor-element-5b50bf29\" data-id=\"5b50bf29\" data-element_type=\"column\">\n\t\t\t<div class=\"elementor-widget-wrap elementor-element-populated\">\n\t\t\t\t\t\t<section class=\"elementor-section elementor-inner-section elementor-element elementor-element-43d2cb11 elementor-section-full_width elementor-section-height-min-height elementor-section-height-default\" data-id=\"43d2cb11\" data-element_type=\"section\">\n\t\t\t\t\t\t<div class=\"elementor-container elementor-column-gap-default\">\n\t\t\t\t\t<div class=\"elementor-column elementor-col-33 elementor-inner-column elementor-element elementor-element-6cc7e134\" data-id=\"6cc7e134\" data-element_type=\"column\" data-settings=\"{&quot;background_background&quot;:&quot;classic&quot;}\">\n\t\t\t<div class=\"elementor-widget-wrap elementor-element-populated\">\n\t\t\t\t\t<div class=\"elementor-background-overlay\"><\/div>\n\t\t\t\t\t\t<section class=\"elementor-section elementor-inner-section elementor-element elementor-element-1b86e7e0 elementor-section-full_width elementor-section-height-min-height elementor-section-height-default\" data-id=\"1b86e7e0\" data-element_type=\"section\" data-settings=\"{&quot;background_background&quot;:&quot;classic&quot;,&quot;shape_divider_bottom&quot;:&quot;curve-asymmetrical&quot;}\">\n\t\t\t\t\t<div class=\"elementor-shape elementor-shape-bottom\" aria-hidden=\"true\" data-negative=\"false\">\n\t\t\t<svg xmlns=\"http:\/\/www.w3.org\/2000\/svg\" viewBox=\"0 0 1000 100\" preserveAspectRatio=\"none\">\n\t<path class=\"elementor-shape-fill\" d=\"M0,0c0,0,0,6,0,6.7c0,18,240.2,93.6,615.2,92.6C989.8,98.5,1000,25,1000,6.7c0-0.7,0-6.7,0-6.7H0z\"\/>\n<\/svg>\t\t<\/div>\n\t\t\t\t\t<div class=\"elementor-container elementor-column-gap-default\">\n\t\t\t\t\t<div class=\"elementor-column elementor-col-100 elementor-inner-column elementor-element elementor-element-4c02c0a8\" data-id=\"4c02c0a8\" data-element_type=\"column\">\n\t\t\t<div class=\"elementor-widget-wrap elementor-element-populated\">\n\t\t\t\t\t\t<div class=\"elementor-element elementor-element-450ad3d6 elementor-widget__width-initial elementor-widget-mobile__width-initial elementor-widget elementor-widget-heading\" data-id=\"450ad3d6\" data-element_type=\"widget\" data-widget_type=\"heading.default\">\n\t\t\t\t\t<h2 class=\"elementor-heading-title elementor-size-default\">\u00bfTiene preguntas?<\/h2>\t\t\t\t<\/div>\n\t\t\t\t<div class=\"elementor-element elementor-element-2dcda72b elementor-widget__width-initial elementor-widget-mobile__width-initial elementor-widget elementor-widget-heading\" data-id=\"2dcda72b\" data-element_type=\"widget\" data-widget_type=\"heading.default\">\n\t\t\t\t\t<h2 class=\"elementor-heading-title elementor-size-default\">Nos encantar\u00eda conversar<\/h2>\t\t\t\t<\/div>\n\t\t\t\t<div class=\"elementor-element elementor-element-41295cd3 elementor-widget__width-auto my-btnble elementor-widget-tablet__width-initial elementor-widget-mobile__width-initial elementor-widget elementor-widget-button\" data-id=\"41295cd3\" data-element_type=\"widget\" data-widget_type=\"button.default\">\n\t\t\t\t\t\t\t\t\t\t<a class=\"elementor-button elementor-button-link elementor-size-sm\" href=\"https:\/\/misionhispanaanglicana.com\/es\/contactenos-2\/\">\n\t\t\t\t\t\t<span class=\"elementor-button-content-wrapper\">\n\t\t\t\t\t\t<span class=\"elementor-button-icon\">\n\t\t\t\t<svg xmlns=\"http:\/\/www.w3.org\/2000\/svg\" width=\"256px\" height=\"256px\" viewBox=\"0 0 24 24\" fill=\"none\"><g id=\"SVGRepo_bgCarrier\" stroke-width=\"0\"><\/g><g id=\"SVGRepo_tracerCarrier\" stroke-linecap=\"round\" stroke-linejoin=\"round\"><\/g><g id=\"SVGRepo_iconCarrier\"><path d=\"M13 15L16 12M16 12L13 9M16 12H8M7.2 20H16.8C17.9201 20 18.4802 20 18.908 19.782C19.2843 19.5903 19.5903 19.2843 19.782 18.908C20 18.4802 20 17.9201 20 16.8V7.2C20 6.0799 20 5.51984 19.782 5.09202C19.5903 4.71569 19.2843 4.40973 18.908 4.21799C18.4802 4 17.9201 4 16.8 4H7.2C6.0799 4 5.51984 4 5.09202 4.21799C4.71569 4.40973 4.40973 4.71569 4.21799 5.09202C4 5.51984 4 6.07989 4 7.2V16.8C4 17.9201 4 18.4802 4.21799 18.908C4.40973 19.2843 4.71569 19.5903 5.09202 19.782C5.51984 20 6.07989 20 7.2 20Z\" stroke=\"#000000\" stroke-width=\"0.8879999999999999\" stroke-linecap=\"round\" stroke-linejoin=\"round\"><\/path><\/g><\/svg>\t\t\t<\/span>\n\t\t\t\t\t\t\t\t\t<span class=\"elementor-button-text\">RESERVAR UNA LLAMADA<\/span>\n\t\t\t\t\t<\/span>\n\t\t\t\t\t<\/a>\n\t\t\t\t\t\t\t\t<\/div>\n\t\t\t\t\t<\/div>\n\t\t<\/div>\n\t\t\t\t\t<\/div>\n\t\t<\/section>\n\t\t\t\t\t<\/div>\n\t\t<\/div>\n\t\t\t\t<div class=\"elementor-column elementor-col-33 elementor-inner-column elementor-element elementor-element-156dae4f\" data-id=\"156dae4f\" data-element_type=\"column\" data-settings=\"{&quot;background_background&quot;:&quot;classic&quot;}\">\n\t\t\t<div class=\"elementor-widget-wrap elementor-element-populated\">\n\t\t\t\t\t<div class=\"elementor-background-overlay\"><\/div>\n\t\t\t\t\t\t<section class=\"elementor-section elementor-inner-section elementor-element elementor-element-596fea40 elementor-section-full_width elementor-section-height-min-height elementor-section-height-default\" data-id=\"596fea40\" data-element_type=\"section\" data-settings=\"{&quot;background_background&quot;:&quot;classic&quot;,&quot;shape_divider_bottom&quot;:&quot;curve-asymmetrical&quot;}\">\n\t\t\t\t\t<div class=\"elementor-shape elementor-shape-bottom\" aria-hidden=\"true\" data-negative=\"false\">\n\t\t\t<svg xmlns=\"http:\/\/www.w3.org\/2000\/svg\" viewBox=\"0 0 1000 100\" preserveAspectRatio=\"none\">\n\t<path class=\"elementor-shape-fill\" d=\"M0,0c0,0,0,6,0,6.7c0,18,240.2,93.6,615.2,92.6C989.8,98.5,1000,25,1000,6.7c0-0.7,0-6.7,0-6.7H0z\"\/>\n<\/svg>\t\t<\/div>\n\t\t\t\t\t<div class=\"elementor-container elementor-column-gap-default\">\n\t\t\t\t\t<div class=\"elementor-column elementor-col-100 elementor-inner-column elementor-element elementor-element-707a5df9\" data-id=\"707a5df9\" data-element_type=\"column\">\n\t\t\t<div class=\"elementor-widget-wrap elementor-element-populated\">\n\t\t\t\t\t\t<div class=\"elementor-element elementor-element-3ee4ca17 elementor-widget__width-initial elementor-widget elementor-widget-heading\" data-id=\"3ee4ca17\" data-element_type=\"widget\" data-widget_type=\"heading.default\">\n\t\t\t\t\t<h2 class=\"elementor-heading-title elementor-size-default\">Ministerio de j\u00f3venes latinos<\/h2>\t\t\t\t<\/div>\n\t\t\t\t<div class=\"elementor-element elementor-element-502cf51e elementor-widget__width-initial elementor-widget elementor-widget-heading\" data-id=\"502cf51e\" data-element_type=\"widget\" data-widget_type=\"heading.default\">\n\t\t\t\t\t<h2 class=\"elementor-heading-title elementor-size-default\">Empoderando a la pr\u00f3xima generaci\u00f3n<\/h2>\t\t\t\t<\/div>\n\t\t\t\t<div class=\"elementor-element elementor-element-9ecf266 elementor-widget__width-auto my-btn elementor-widget-tablet__width-initial elementor-widget elementor-widget-button\" data-id=\"9ecf266\" data-element_type=\"widget\" data-widget_type=\"button.default\">\n\t\t\t\t\t\t\t\t\t\t<a class=\"elementor-button elementor-button-link elementor-size-sm\" href=\"https:\/\/misionhispanaanglicana.com\/es\/ministerio-juvenil\/\">\n\t\t\t\t\t\t<span class=\"elementor-button-content-wrapper\">\n\t\t\t\t\t\t<span class=\"elementor-button-icon\">\n\t\t\t\t<svg xmlns=\"http:\/\/www.w3.org\/2000\/svg\" width=\"256px\" height=\"256px\" viewBox=\"0 0 24 24\" fill=\"none\"><g id=\"SVGRepo_bgCarrier\" stroke-width=\"0\"><\/g><g id=\"SVGRepo_tracerCarrier\" stroke-linecap=\"round\" stroke-linejoin=\"round\"><\/g><g id=\"SVGRepo_iconCarrier\"><path d=\"M13 15L16 12M16 12L13 9M16 12H8M7.2 20H16.8C17.9201 20 18.4802 20 18.908 19.782C19.2843 19.5903 19.5903 19.2843 19.782 18.908C20 18.4802 20 17.9201 20 16.8V7.2C20 6.0799 20 5.51984 19.782 5.09202C19.5903 4.71569 19.2843 4.40973 18.908 4.21799C18.4802 4 17.9201 4 16.8 4H7.2C6.0799 4 5.51984 4 5.09202 4.21799C4.71569 4.40973 4.40973 4.71569 4.21799 5.09202C4 5.51984 4 6.07989 4 7.2V16.8C4 17.9201 4 18.4802 4.21799 18.908C4.40973 19.2843 4.71569 19.5903 5.09202 19.782C5.51984 20 6.07989 20 7.2 20Z\" stroke=\"#000000\" stroke-width=\"0.8879999999999999\" stroke-linecap=\"round\" stroke-linejoin=\"round\"><\/path><\/g><\/svg>\t\t\t<\/span>\n\t\t\t\t\t\t\t\t\t<span class=\"elementor-button-text\">M\u00c1S INFORMACI\u00d3N<\/span>\n\t\t\t\t\t<\/span>\n\t\t\t\t\t<\/a>\n\t\t\t\t\t\t\t\t<\/div>\n\t\t\t\t\t<\/div>\n\t\t<\/div>\n\t\t\t\t\t<\/div>\n\t\t<\/section>\n\t\t\t\t\t<\/div>\n\t\t<\/div>\n\t\t\t\t<div class=\"elementor-column elementor-col-33 elementor-inner-column elementor-element elementor-element-11cd6c28\" data-id=\"11cd6c28\" data-element_type=\"column\" data-settings=\"{&quot;background_background&quot;:&quot;classic&quot;}\">\n\t\t\t<div class=\"elementor-widget-wrap elementor-element-populated\">\n\t\t\t\t\t<div class=\"elementor-background-overlay\"><\/div>\n\t\t\t\t\t\t<section class=\"elementor-section elementor-inner-section elementor-element elementor-element-122f3d77 elementor-section-full_width elementor-section-height-min-height elementor-section-height-default\" data-id=\"122f3d77\" data-element_type=\"section\" data-settings=\"{&quot;background_background&quot;:&quot;classic&quot;,&quot;shape_divider_bottom&quot;:&quot;curve-asymmetrical&quot;}\">\n\t\t\t\t\t<div class=\"elementor-shape elementor-shape-bottom\" aria-hidden=\"true\" data-negative=\"false\">\n\t\t\t<svg xmlns=\"http:\/\/www.w3.org\/2000\/svg\" viewBox=\"0 0 1000 100\" preserveAspectRatio=\"none\">\n\t<path class=\"elementor-shape-fill\" d=\"M0,0c0,0,0,6,0,6.7c0,18,240.2,93.6,615.2,92.6C989.8,98.5,1000,25,1000,6.7c0-0.7,0-6.7,0-6.7H0z\"\/>\n<\/svg>\t\t<\/div>\n\t\t\t\t\t<div class=\"elementor-container elementor-column-gap-default\">\n\t\t\t\t\t<div class=\"elementor-column elementor-col-100 elementor-inner-column elementor-element elementor-element-312bb0e1\" data-id=\"312bb0e1\" data-element_type=\"column\">\n\t\t\t<div class=\"elementor-widget-wrap elementor-element-populated\">\n\t\t\t\t\t\t<div class=\"elementor-element elementor-element-585414f elementor-widget__width-initial elementor-widget elementor-widget-heading\" data-id=\"585414f\" data-element_type=\"widget\" data-widget_type=\"heading.default\">\n\t\t\t\t\t<h2 class=\"elementor-heading-title elementor-size-default\">Recursos<\/h2>\t\t\t\t<\/div>\n\t\t\t\t<div class=\"elementor-element elementor-element-2ed127e5 elementor-widget__width-initial elementor-widget elementor-widget-heading\" data-id=\"2ed127e5\" data-element_type=\"widget\" data-widget_type=\"heading.default\">\n\t\t\t\t\t<h2 class=\"elementor-heading-title elementor-size-default\">Encuentre un curso para usted<\/h2>\t\t\t\t<\/div>\n\t\t\t\t<div class=\"elementor-element elementor-element-56d411de elementor-widget__width-auto my-btn elementor-widget-tablet__width-initial elementor-widget elementor-widget-button\" data-id=\"56d411de\" data-element_type=\"widget\" data-widget_type=\"button.default\">\n\t\t\t\t\t\t\t\t\t\t<a class=\"elementor-button elementor-button-link elementor-size-sm\" href=\"https:\/\/misionhispanaanglicana.com\/es\/recursos-copia\/\">\n\t\t\t\t\t\t<span class=\"elementor-button-content-wrapper\">\n\t\t\t\t\t\t<span class=\"elementor-button-icon\">\n\t\t\t\t<svg xmlns=\"http:\/\/www.w3.org\/2000\/svg\" width=\"256px\" height=\"256px\" viewBox=\"0 0 24 24\" fill=\"none\"><g id=\"SVGRepo_bgCarrier\" stroke-width=\"0\"><\/g><g id=\"SVGRepo_tracerCarrier\" stroke-linecap=\"round\" stroke-linejoin=\"round\"><\/g><g id=\"SVGRepo_iconCarrier\"><path d=\"M13 15L16 12M16 12L13 9M16 12H8M7.2 20H16.8C17.9201 20 18.4802 20 18.908 19.782C19.2843 19.5903 19.5903 19.2843 19.782 18.908C20 18.4802 20 17.9201 20 16.8V7.2C20 6.0799 20 5.51984 19.782 5.09202C19.5903 4.71569 19.2843 4.40973 18.908 4.21799C18.4802 4 17.9201 4 16.8 4H7.2C6.0799 4 5.51984 4 5.09202 4.21799C4.71569 4.40973 4.40973 4.71569 4.21799 5.09202C4 5.51984 4 6.07989 4 7.2V16.8C4 17.9201 4 18.4802 4.21799 18.908C4.40973 19.2843 4.71569 19.5903 5.09202 19.782C5.51984 20 6.07989 20 7.2 20Z\" stroke=\"#000000\" stroke-width=\"0.8879999999999999\" stroke-linecap=\"round\" stroke-linejoin=\"round\"><\/path><\/g><\/svg>\t\t\t<\/span>\n\t\t\t\t\t\t\t\t\t<span class=\"elementor-button-text\">M\u00c1S INFORMACI\u00d3N<\/span>\n\t\t\t\t\t<\/span>\n\t\t\t\t\t<\/a>\n\t\t\t\t\t\t\t\t<\/div>\n\t\t\t\t\t<\/div>\n\t\t<\/div>\n\t\t\t\t\t<\/div>\n\t\t<\/section>\n\t\t\t\t\t<\/div>\n\t\t<\/div>\n\t\t\t\t\t<\/div>\n\t\t<\/section>\n\t\t\t\t\t<\/div>\n\t\t<\/div>\n\t\t\t\t\t<\/div>\n\t\t<\/section>\n\t\t\t\t<\/div>\n\t\t\t\t<\/div>\n\t\t\t\t\t\t<\/div>\n\t\t\t\t<\/div>\n\t\t\t\t\t<\/div>\n\t\t<\/div>\n\t\t\t\t\t<\/div>\n\t\t<\/section>\n\t\t\t\t<\/div>\n\t\t","protected":false},"excerpt":{"rendered":"<p>Curso destacado Escuela de Liderazgo Este curso est\u00e1 dise\u00f1ado para formarte, impulsarte y lanzarte como l\u00edder y evangelizador. Tanto si ya lideras y quieres dar un paso m\u00e1s, como si [&hellip;]<\/p>\n","protected":false},"author":1,"featured_media":0,"parent":0,"menu_order":0,"comment_status":"closed","ping_status":"closed","template":"","meta":{"_acf_changed":false,"site-sidebar-layout":"no-sidebar","site-content-layout":"","ast-site-content-layout":"full-width-container","site-content-style":"default","site-sidebar-style":"default","ast-global-header-display":"","ast-banner-title-visibility":"","ast-main-header-display":"","ast-hfb-above-header-display":"","ast-hfb-below-header-display":"","ast-hfb-mobile-header-display":"","site-post-title":"disabled","ast-breadcrumbs-content":"","ast-featured-img":"disabled","footer-sml-layout":"","theme-transparent-header-meta":"","adv-header-id-meta":"","stick-header-meta":"","header-above-stick-meta":"","header-main-stick-meta":"","header-below-stick-meta":"","astra-migrate-meta-layouts":"default","ast-page-background-enabled":"default","ast-page-background-meta":{"desktop":{"background-color":"var(--ast-global-color-5)","background-image":"","background-repeat":"repetir","background-position":"centro centro","background-size":"auto","background-attachment":"scroll","background-type":"","background-media":"","overlay-type":"","overlay-color":"","overlay-opacity":"","overlay-gradient":""},"tablet":{"background-color":"","background-image":"","background-repeat":"repetir","background-position":"centro centro","background-size":"auto","background-attachment":"scroll","background-type":"","background-media":"","overlay-type":"","overlay-color":"","overlay-opacity":"","overlay-gradient":""},"mobile":{"background-color":"","background-image":"","background-repeat":"repetir","background-position":"centro centro","background-size":"auto","background-attachment":"scroll","background-type":"","background-media":"","overlay-type":"","overlay-color":"","overlay-opacity":"","overlay-gradient":""}},"ast-content-background-meta":{"desktop":{"background-color":"var(--ast-global-color-4)","background-image":"","background-repeat":"repeat","background-position":"center center","background-size":"auto","background-attachment":"scroll","background-type":"","background-media":"","overlay-type":"","overlay-color":"","overlay-opacity":"","overlay-gradient":""},"tablet":{"background-color":"var(--ast-global-color-4)","background-image":"","background-repeat":"repeat","background-position":"center center","background-size":"auto","background-attachment":"scroll","background-type":"","background-media":"","overlay-type":"","overlay-color":"","overlay-opacity":"","overlay-gradient":""},"mobile":{"background-color":"var(--ast-global-color-4)","background-image":"","background-repeat":"repeat","background-position":"center center","background-size":"auto","background-attachment":"scroll","background-type":"","background-media":"","overlay-type":"","overlay-color":"","overlay-opacity":"","overlay-gradient":""}},"footnotes":""},"class_list":["post-2399","page","type-page","status-publish","hentry"],"acf":[],"_links":{"self":[{"href":"https:\/\/misionhispanaanglicana.com\/es\/wp-json\/wp\/v2\/pages\/2399","targetHints":{"allow":["GET"]}}],"collection":[{"href":"https:\/\/misionhispanaanglicana.com\/es\/wp-json\/wp\/v2\/pages"}],"about":[{"href":"https:\/\/misionhispanaanglicana.com\/es\/wp-json\/wp\/v2\/types\/page"}],"author":[{"embeddable":true,"href":"https:\/\/misionhispanaanglicana.com\/es\/wp-json\/wp\/v2\/users\/1"}],"replies":[{"embeddable":true,"href":"https:\/\/misionhispanaanglicana.com\/es\/wp-json\/wp\/v2\/comments?post=2399"}],"version-history":[{"count":3,"href":"https:\/\/misionhispanaanglicana.com\/es\/wp-json\/wp\/v2\/pages\/2399\/revisions"}],"predecessor-version":[{"id":2436,"href":"https:\/\/misionhispanaanglicana.com\/es\/wp-json\/wp\/v2\/pages\/2399\/revisions\/2436"}],"wp:attachment":[{"href":"https:\/\/misionhispanaanglicana.com\/es\/wp-json\/wp\/v2\/media?parent=2399"}],"curies":[{"name":"wp","href":"https:\/\/api.w.org\/{rel}","templated":true}]}}